{"id":9,"date":"2024-09-12T14:32:27","date_gmt":"2024-09-12T17:32:27","guid":{"rendered":"https:\/\/perniladomicilio.com\/pernil2\/home\/"},"modified":"2025-04-04T16:15:32","modified_gmt":"2025-04-04T19:15:32","slug":"pernil-a-domicilio-picadas-y-perniles-para-eventos-en-bs-as","status":"publish","type":"page","link":"https:\/\/perniladomicilio.com\/pernil2\/","title":{"rendered":"inicio"},"content":{"rendered":"\n<div style=\"height:100px\" aria-hidden=\"true\" class=\"wp-block-spacer\"><\/div>\n\n\n\n<h1 class=\"wp-block-heading has-text-align-center\">pernil a domicilio en bs as<\/h1>\n\n\n\n<div class=\"wp-block-uagb-container uagb-block-2ebd20d5 alignwide uagb-is-root-container\">\n<div class=\"wp-block-uagb-buttons uagb-buttons__outer-wrap uagb-btn__default-btn uagb-btn-tablet__default-btn uagb-btn-mobile__default-btn uagb-block-08180ce2\"><div class=\"uagb-buttons__wrap uagb-buttons-layout-wrap \">\n<div class=\"wp-block-uagb-buttons-child uagb-buttons__outer-wrap uagb-block-65240be3 wp-block-button\"><div class=\"uagb-button__wrapper\"><a class=\"uagb-buttons-repeater wp-block-button__link\" aria-label=\"\" href=\"https:\/\/perniladomicilio.com\/pernil2\/tienda\/\" rel=\"follow noopener\" target=\"_self\" role=\"button\"><div class=\"uagb-button__link\">REservar Ahora<\/div><\/a><\/div><\/div>\n<\/div><\/div>\n<\/div>\n\n\n\n<div class=\"wp-block-uagb-container uagb-block-32e68958 alignfull uagb-is-root-container\"><div class=\"uagb-container-inner-blocks-wrap\">\t\t\t\t\t<div\n\t\t\t\t\t\tclass=\"wp-block-uagb-image-gallery uagb-block-118c0a35     \"\n\t\t\t\t\t\tstyle=\"\"\n\t\t\t\t\t>\n\t\t\t\t\t\t\t\t\t\t\t<div class=\"spectra-image-gallery spectra-image-gallery__layout--masonry spectra-image-gallery__layout--masonry-col-3 spectra-image-gallery__layout--masonry-col-tab-3 spectra-image-gallery__layout--masonry-col-mob-2\">\n\t\t\t\t\t\t\t\t\t\t\t<div class='spectra-image-gallery__media-wrapper--isotope'>\n\t\t\t\t\t\t\t<div class='spectra-image-gallery__media-wrapper' data-spectra-gallery-image-id='3984' tabindex=\"0\">\n\t\t\t\t\t\t\t<div class=\"spectra-image-gallery__media spectra-image-gallery__media--masonry\">\n\t\t\t\t<picture>\n\t\t\t\t\t<source media=\"(min-width: 1024px)\" srcset=\"https:\/\/perniladomicilio.com\/pernil2\/wp-content\/uploads\/2024\/12\/MENU-3-865x1024.png\">\n\t\t\t\t\t<source media=\"(min-width: 768px)\" srcset=\"https:\/\/perniladomicilio.com\/pernil2\/wp-content\/uploads\/2024\/12\/MENU-3-865x1024.png\">\n\t\t\t\t\t<img decoding=\"async\" class=\"spectra-image-gallery__media-thumbnail spectra-image-gallery__media-thumbnail--masonry\" src=\"https:\/\/perniladomicilio.com\/pernil2\/wp-content\/uploads\/2024\/12\/MENU-3-253x300.png\" alt=\"\" loading=\"lazy\" \/>\n\t\t\t\t<\/picture>\n\t\t\t\t<div class=\"spectra-image-gallery__media-thumbnail-blurrer\"><\/div>\n\t\t\t\t\t\t\t\t\t\t\t<div class=\"spectra-image-gallery__media-thumbnail-caption-wrapper spectra-image-gallery__media-thumbnail-caption-wrapper--overlay\"><\/div>\n\t\t\t\t\t\t\t\t<\/div>\n\t\t\t\t\t\t<\/div>\n\t\t\t\t\t\t<\/div>\n\t\t\t\t\t\t<div class='spectra-image-gallery__media-wrapper--isotope'>\n\t\t\t\t\t\t\t<div class='spectra-image-gallery__media-wrapper' data-spectra-gallery-image-id='3983' tabindex=\"0\">\n\t\t\t\t\t\t\t<div class=\"spectra-image-gallery__media spectra-image-gallery__media--masonry\">\n\t\t\t\t<picture>\n\t\t\t\t\t<source media=\"(min-width: 1024px)\" srcset=\"https:\/\/perniladomicilio.com\/pernil2\/wp-content\/uploads\/2024\/12\/MENU-2-865x1024.png\">\n\t\t\t\t\t<source media=\"(min-width: 768px)\" srcset=\"https:\/\/perniladomicilio.com\/pernil2\/wp-content\/uploads\/2024\/12\/MENU-2-865x1024.png\">\n\t\t\t\t\t<img decoding=\"async\" class=\"spectra-image-gallery__media-thumbnail spectra-image-gallery__media-thumbnail--masonry\" src=\"https:\/\/perniladomicilio.com\/pernil2\/wp-content\/uploads\/2024\/12\/MENU-2-253x300.png\" alt=\"\" loading=\"lazy\" \/>\n\t\t\t\t<\/picture>\n\t\t\t\t<div class=\"spectra-image-gallery__media-thumbnail-blurrer\"><\/div>\n\t\t\t\t\t\t\t\t\t\t\t<div class=\"spectra-image-gallery__media-thumbnail-caption-wrapper spectra-image-gallery__media-thumbnail-caption-wrapper--overlay\"><\/div>\n\t\t\t\t\t\t\t\t<\/div>\n\t\t\t\t\t\t<\/div>\n\t\t\t\t\t\t<\/div>\n\t\t\t\t\t\t<div class='spectra-image-gallery__media-wrapper--isotope'>\n\t\t\t\t\t\t\t<div class='spectra-image-gallery__media-wrapper' data-spectra-gallery-image-id='3982' tabindex=\"0\">\n\t\t\t\t\t\t\t<div class=\"spectra-image-gallery__media spectra-image-gallery__media--masonry\">\n\t\t\t\t<picture>\n\t\t\t\t\t<source media=\"(min-width: 1024px)\" srcset=\"https:\/\/perniladomicilio.com\/pernil2\/wp-content\/uploads\/2024\/12\/MENU-1-863x1024.png\">\n\t\t\t\t\t<source media=\"(min-width: 768px)\" srcset=\"https:\/\/perniladomicilio.com\/pernil2\/wp-content\/uploads\/2024\/12\/MENU-1-863x1024.png\">\n\t\t\t\t\t<img decoding=\"async\" class=\"spectra-image-gallery__media-thumbnail spectra-image-gallery__media-thumbnail--masonry\" src=\"https:\/\/perniladomicilio.com\/pernil2\/wp-content\/uploads\/2024\/12\/MENU-1-253x300.png\" alt=\"\" loading=\"lazy\" \/>\n\t\t\t\t<\/picture>\n\t\t\t\t<div class=\"spectra-image-gallery__media-thumbnail-blurrer\"><\/div>\n\t\t\t\t\t\t\t\t\t\t\t<div class=\"spectra-image-gallery__media-thumbnail-caption-wrapper spectra-image-gallery__media-thumbnail-caption-wrapper--overlay\"><\/div>\n\t\t\t\t\t\t\t\t<\/div>\n\t\t\t\t\t\t<\/div>\n\t\t\t\t\t\t<\/div>\n\t\t\t\t\t\t\t\t\t\t<\/div>\n\t\t\t\t\t\t\t\t\t\t\t\t\t\t\t\t\t\t<\/div>\n\t\t\t\t\t\t\t\t\t\n\n\n<div class=\"wp-block-uagb-buttons uagb-buttons__outer-wrap uagb-btn__small-btn uagb-btn-tablet__default-btn uagb-btn-mobile__default-btn uagb-block-ab2f0f96\"><div class=\"uagb-buttons__wrap uagb-buttons-layout-wrap \">\n<div class=\"wp-block-uagb-buttons-child uagb-buttons__outer-wrap uagb-block-ce210d48 wp-block-button\"><div class=\"uagb-button__wrapper\"><a class=\"uagb-buttons-repeater wp-block-button__link\" aria-label=\"\" href=\"tienda\/\" rel=\"follow noopener\" target=\"_self\" role=\"button\"><div class=\"uagb-button__link\">Explorar  Opciones<\/div><\/a><\/div><\/div>\n<\/div><\/div>\n<\/div><\/div>\n\n\n\n<div style=\"height:30px\" aria-hidden=\"true\" class=\"wp-block-spacer\"><\/div>\n\n\n\n<h2 class=\"wp-block-heading has-text-align-center\">\u00bf por que elegirnos ?<\/h2>\n\n\n\n<div class=\"wp-block-uagb-container uagb-block-ce893aa3 alignfull uagb-is-root-container\"><div class=\"uagb-container-inner-blocks-wrap\">\n<div style=\"height:50px\" aria-hidden=\"true\" class=\"wp-block-spacer\"><\/div>\n\n\n\n<div class=\"wp-block-uagb-image uagb-block-e745a604 wp-block-uagb-image--layout-default wp-block-uagb-image--effect-static wp-block-uagb-image--align-none\"><figure class=\"wp-block-uagb-image__figure\"><img decoding=\"async\" srcset=\"https:\/\/perniladomicilio.com\/pernil2\/wp-content\/uploads\/2024\/12\/POR-QUE-ELEGIRNOPS-1024x295.png ,https:\/\/perniladomicilio.com\/pernil2\/wp-content\/uploads\/2024\/12\/POR-QUE-ELEGIRNOPS.png 780w, https:\/\/perniladomicilio.com\/pernil2\/wp-content\/uploads\/2024\/12\/POR-QUE-ELEGIRNOPS.png 360w\" sizes=\"auto, (max-width: 480px) 150px\" src=\"https:\/\/perniladomicilio.com\/pernil2\/wp-content\/uploads\/2024\/12\/POR-QUE-ELEGIRNOPS-1024x295.png\" alt=\"\" class=\"uag-image-3979\" width=\"960\" height=\"295\" title=\"POR QUE ELEGIRNOPS\" loading=\"lazy\" role=\"img\"\/><\/figure><\/div>\n<\/div><\/div>\n\n\n\n<div class=\"wp-block-uagb-container uagb-block-6f4f252f alignfull uagb-is-root-container\"><div class=\"uagb-container-inner-blocks-wrap\">\n<div style=\"height:30px\" aria-hidden=\"true\" class=\"wp-block-spacer\"><\/div>\n\n\n\n<div class=\"mi-contenedor-personalizado\">\n    <img decoding=\"async\" src=\"https:\/\/perniladomicilio.com\/pernil2\/wp-content\/uploads\/2024\/12\/CARNE-PREMIUM-e1734179899959.png\" alt=\"Imagen 1\" class=\"imagen-1\">\n    <img decoding=\"async\" src=\"https:\/\/perniladomicilio.com\/pernil2\/wp-content\/uploads\/2024\/12\/ATENCION-e1734179920132.png\" alt=\"Imagen 2\" class=\"imagen-2\">\n    <img decoding=\"async\" src=\"https:\/\/perniladomicilio.com\/pernil2\/wp-content\/uploads\/2024\/12\/ENVIOS-e1734179852825.png\" alt=\"Imagen 3\" class=\"imagen-3\">\n    <img decoding=\"async\" src=\"https:\/\/perniladomicilio.com\/pernil2\/wp-content\/uploads\/2024\/12\/ENTREGAS-e1734179878277.png\" alt=\"Imagen 4\" class=\"imagen-4\">\n<\/div>\n\n\n\n<div style=\"height:50px\" aria-hidden=\"true\" class=\"wp-block-spacer\"><\/div>\n<\/div><\/div>\n\n\n\n<div style=\"height:30px\" aria-hidden=\"true\" class=\"wp-block-spacer\"><\/div>\n\n\n\n<h2 class=\"wp-block-heading has-text-align-center\">nuestros productos<\/h2>\n\n\n\n<div class=\"wp-block-uagb-container uagb-block-de66fe87 alignfull uagb-is-root-container\"><div class=\"uagb-container-inner-blocks-wrap\">\n<div class=\"wp-block-uagb-container uagb-block-c17209d2\">\n<div class=\"wp-block-uagb-container uagb-block-91f0abf4\">\n<div class=\"wp-block-uagb-container uagb-block-bc6d34fe\">\n<div class=\"wp-block-uagb-container uagb-block-a0b42161\">\n<div class=\"wp-block-uagb-container uagb-block-8fb995a6\">\n<div class=\"wp-block-uagb-image alignleft uagb-block-7473ecc5 wp-block-uagb-image--layout-default wp-block-uagb-image--effect-static wp-block-uagb-image--align-left\"><figure class=\"wp-block-uagb-image__figure\"><img decoding=\"async\" srcset=\"https:\/\/perniladomicilio.com\/pernil2\/wp-content\/uploads\/2024\/11\/SOMOS-PERNIL-ARRIBA.png ,https:\/\/perniladomicilio.com\/pernil2\/wp-content\/uploads\/2024\/11\/SOMOS-PERNIL-ARRIBA.png 780w, https:\/\/perniladomicilio.com\/pernil2\/wp-content\/uploads\/2024\/11\/SOMOS-PERNIL-ARRIBA.png 360w\" sizes=\"auto, (max-width: 480px) 150px\" src=\"https:\/\/perniladomicilio.com\/pernil2\/wp-content\/uploads\/2024\/11\/SOMOS-PERNIL-ARRIBA.png\" alt=\"\" class=\"uag-image-3731\" width=\"300\" height=\"200\" title=\"SOMOS PERNIL (ARRIBA)\" loading=\"lazy\" role=\"img\"\/><\/figure><\/div>\n<\/div>\n<\/div>\n\n\n\n<div class=\"wp-block-uagb-container uagb-block-76186da3\">\n<p class=\"has-ast-global-color-5-color has-text-color has-link-color has-small-font-size wp-elements-17705bb85c8627f7faa8f66150822f06\" style=\"border-style:none;border-width:0px\"><strong><em>DURANTE M\u00c1S DE 16 A\u00d1OS, HEMOS TENIDO EL PRIVILEGIO DE SATISFACER LOS PALADARES DE NUESTROS CLIENTES  DEL GRAN BUENOS AIRES Y CABA, OFRECEMOS CARNES PREMIUM, CUIDADOSAMENTE SELECCIONADAS Y TRATADAS CON LOS M\u00c1S ALTOS ST\u00c1NDARES DE CALIDAD. NUESTRO COMPROMISO ES GARANTIZAR QUE EN CADA REUNI\u00d3N Y CELEBRACI\u00d3N, DISFRUTES DE UNA EXPERIENCIA GASTRON\u00d3MICA EXCEPCIONAL. ESTAMOS AQUI PARA HACER DE TUS MOMENTOS ESPECIALES ALGO REALMENTE MEMORABLE.<\/em><\/strong><\/p>\n<\/div>\n<\/div>\n<\/div>\n<\/div>\n\n\n\n<div style=\"height:50px\" aria-hidden=\"true\" class=\"wp-block-spacer\"><\/div>\n\n\n\n<div class=\"wp-block-uagb-container uagb-block-e3489253\">\n<div class=\"wp-block-uagb-container uagb-block-2ba104e9\">\n<div class=\"wp-block-columns is-layout-flex wp-container-core-columns-is-layout-28f84493 wp-block-columns-is-layout-flex\">\n<div class=\"wp-block-column is-layout-flow wp-block-column-is-layout-flow\">\n<div class=\"wp-block-uagb-image alignleft uagb-block-de26e541 wp-block-uagb-image--layout-default wp-block-uagb-image--effect-static wp-block-uagb-image--align-left\"><figure class=\"wp-block-uagb-image__figure\"><img decoding=\"async\" srcset=\"https:\/\/perniladomicilio.com\/pernil2\/wp-content\/uploads\/2024\/11\/RESERVA-ABAJO-300x177.png ,https:\/\/perniladomicilio.com\/pernil2\/wp-content\/uploads\/2024\/11\/RESERVA-ABAJO-e1732736227922.png 780w, https:\/\/perniladomicilio.com\/pernil2\/wp-content\/uploads\/2024\/11\/RESERVA-ABAJO-e1732736227922.png 360w\" sizes=\"auto, (max-width: 480px) 150px\" src=\"https:\/\/perniladomicilio.com\/pernil2\/wp-content\/uploads\/2024\/11\/RESERVA-ABAJO-300x177.png\" alt=\"\" class=\"uag-image-3747\" width=\"300\" height=\"177\" title=\"RESERVA  (ABAJO)\" loading=\"lazy\" role=\"img\"\/><\/figure><\/div>\n<\/div>\n\n\n\n<div class=\"wp-block-column is-layout-flow wp-block-column-is-layout-flow\">\n<div class=\"wp-block-buttons is-content-justification-center is-layout-flex wp-container-core-buttons-is-layout-a89b3969 wp-block-buttons-is-layout-flex\">\n<div class=\"wp-block-button has-custom-width wp-block-button__width-50\"><a class=\"wp-block-button__link has-text-align-center wp-element-button\" href=\"https:\/\/perniladomicilio.com\/pernil2\/tienda\/\" style=\"padding-top:0;padding-right:0;padding-bottom:0;padding-left:0\">RESERVAR AHORA<\/a><\/div>\n<\/div>\n<\/div>\n<\/div>\n<\/div>\n<\/div>\n<\/div><\/div>\n","protected":false},"excerpt":{"rendered":"<p>pernil a domicilio en bs as \u00bf por que elegirnos ? nuestros productos DURANTE M\u00c1S DE 16 A\u00d1OS, HEMOS TENIDO [&hellip;]<\/p>\n","protected":false},"author":1,"featured_media":0,"parent":0,"menu_order":0,"comment_status":"closed","ping_status":"closed","template":"","meta":{"_uag_custom_page_level_css":"","site-sidebar-layout":"default","site-content-layout":"page-builder","ast-site-content-layout":"full-width-container","site-content-style":"unboxed","site-sidebar-style":"unboxed","ast-global-header-display":"","ast-banner-title-visibility":"","ast-main-header-display":"","ast-hfb-above-header-display":"","ast-hfb-below-header-display":"","ast-hfb-mobile-header-display":"","site-post-title":"disabled","ast-breadcrumbs-content":"","ast-featured-img":"","footer-sml-layout":"","ast-disable-related-posts":"","theme-transparent-header-meta":"disabled","adv-header-id-meta":"","stick-header-meta":"","header-above-stick-meta":"","header-main-stick-meta":"","header-below-stick-meta":"","astra-migrate-meta-layouts":"set","ast-page-background-enabled":"default","ast-page-background-meta":{"desktop":{"background-color":"var(--ast-global-color-4)","background-image":"","background-repeat":"repeat","background-position":"center center","background-size":"auto","background-attachment":"scroll","background-type":"","background-media":"","overlay-type":"","overlay-color":"","overlay-opacity":"","overlay-gradient":""},"tablet":{"background-color":"","background-image":"","background-repeat":"repeat","background-position":"center center","background-size":"auto","background-attachment":"scroll","background-type":"","background-media":"","overlay-type":"","overlay-color":"","overlay-opacity":"","overlay-gradient":""},"mobile":{"background-color":"","background-image":"","background-repeat":"repeat","background-position":"center center","background-size":"auto","background-attachment":"scroll","background-type":"","background-media":"","overlay-type":"","overlay-color":"","overlay-opacity":"","overlay-gradient":""}},"ast-content-background-meta":{"desktop":{"background-color":"var(--ast-global-color-5)","background-image":"","background-repeat":"repeat","background-position":"center center","background-size":"auto","background-attachment":"scroll","background-type":"","background-media":"","overlay-type":"","overlay-color":"","overlay-opacity":"","overlay-gradient":""},"tablet":{"background-color":"var(--ast-global-color-5)","background-image":"","background-repeat":"repeat","background-position":"center center","background-size":"auto","background-attachment":"scroll","background-type":"","background-media":"","overlay-type":"","overlay-color":"","overlay-opacity":"","overlay-gradient":""},"mobile":{"background-color":"var(--ast-global-color-5)","background-image":"","background-repeat":"repeat","background-position":"center center","background-size":"auto","background-attachment":"scroll","background-type":"","background-media":"","overlay-type":"","overlay-color":"","overlay-opacity":"","overlay-gradient":""}},"footnotes":""},"class_list":["post-9","page","type-page","status-publish","hentry"],"yoast_head":"<!-- This site is optimized with the Yoast SEO plugin v27.4 - https:\/\/yoast.com\/product\/yoast-seo-wordpress\/ -->\n<title>Pernil a Domicilio - Picadas y Perniles para eventos en Bs. As.<\/title>\n<meta name=\"description\" content=\"&quot;\ud83e\udd24 Perniles a domicilio en Buenos Aires: cerdo y ternera listos para servir, con panes y salsas artesanales. 16 a\u00f1os de calidad para eventos. \u00a1Ped\u00ed el tuyo hoy!&quot;\" \/>\n<meta name=\"robots\" content=\"index, follow, max-snippet:-1, max-image-preview:large, max-video-preview:-1\" \/>\n<link rel=\"canonical\" href=\"https:\/\/perniladomicilio.com\/pernil2\/\" \/>\n<meta property=\"og:locale\" content=\"es_ES\" \/>\n<meta property=\"og:type\" content=\"article\" \/>\n<meta property=\"og:title\" content=\"Pernil a Domicilio - Picadas y Perniles para eventos en Bs. As.\" \/>\n<meta property=\"og:description\" content=\"&quot;\ud83e\udd24 Perniles a domicilio en Buenos Aires: cerdo y ternera listos para servir, con panes y salsas artesanales. 16 a\u00f1os de calidad para eventos. \u00a1Ped\u00ed el tuyo hoy!&quot;\" \/>\n<meta property=\"og:url\" content=\"https:\/\/perniladomicilio.com\/pernil2\/\" \/>\n<meta property=\"og:site_name\" content=\"Pernil a Domicilio - Picadas y Perniles para eventos en Bs. As.\" \/>\n<meta property=\"article:modified_time\" content=\"2025-04-04T19:15:32+00:00\" \/>\n<meta property=\"og:image\" content=\"https:\/\/perniladomicilio.com\/pernil2\/wp-content\/uploads\/2024\/12\/POR-QUE-ELEGIRNOPS-1024x295.png\" \/>\n<meta name=\"twitter:card\" content=\"summary_large_image\" \/>\n<meta name=\"twitter:label1\" content=\"Tiempo de lectura\" \/>\n\t<meta name=\"twitter:data1\" content=\"2 minutos\" \/>\n<script type=\"application\/ld+json\" class=\"yoast-schema-graph\">{\"@context\":\"https:\\\/\\\/schema.org\",\"@graph\":[{\"@type\":\"WebPage\",\"@id\":\"https:\\\/\\\/perniladomicilio.com\\\/pernil2\\\/\",\"url\":\"https:\\\/\\\/perniladomicilio.com\\\/pernil2\\\/\",\"name\":\"Pernil a Domicilio - Picadas y Perniles para eventos en Bs. As.\",\"isPartOf\":{\"@id\":\"https:\\\/\\\/perniladomicilio.com\\\/pernil2\\\/#website\"},\"primaryImageOfPage\":{\"@id\":\"https:\\\/\\\/perniladomicilio.com\\\/pernil2\\\/#primaryimage\"},\"image\":{\"@id\":\"https:\\\/\\\/perniladomicilio.com\\\/pernil2\\\/#primaryimage\"},\"thumbnailUrl\":\"https:\\\/\\\/perniladomicilio.com\\\/pernil2\\\/wp-content\\\/uploads\\\/2024\\\/12\\\/POR-QUE-ELEGIRNOPS-1024x295.png\",\"datePublished\":\"2024-09-12T17:32:27+00:00\",\"dateModified\":\"2025-04-04T19:15:32+00:00\",\"description\":\"\\\"\ud83e\udd24 Perniles a domicilio en Buenos Aires: cerdo y ternera listos para servir, con panes y salsas artesanales. 16 a\u00f1os de calidad para eventos. \u00a1Ped\u00ed el tuyo hoy!\\\"\",\"breadcrumb\":{\"@id\":\"https:\\\/\\\/perniladomicilio.com\\\/pernil2\\\/#breadcrumb\"},\"inLanguage\":\"es-AR\",\"potentialAction\":[{\"@type\":\"ReadAction\",\"target\":[\"https:\\\/\\\/perniladomicilio.com\\\/pernil2\\\/\"]}]},{\"@type\":\"ImageObject\",\"inLanguage\":\"es-AR\",\"@id\":\"https:\\\/\\\/perniladomicilio.com\\\/pernil2\\\/#primaryimage\",\"url\":\"https:\\\/\\\/perniladomicilio.com\\\/pernil2\\\/wp-content\\\/uploads\\\/2024\\\/12\\\/POR-QUE-ELEGIRNOPS.png\",\"contentUrl\":\"https:\\\/\\\/perniladomicilio.com\\\/pernil2\\\/wp-content\\\/uploads\\\/2024\\\/12\\\/POR-QUE-ELEGIRNOPS.png\",\"width\":2232,\"height\":642},{\"@type\":\"BreadcrumbList\",\"@id\":\"https:\\\/\\\/perniladomicilio.com\\\/pernil2\\\/#breadcrumb\",\"itemListElement\":[{\"@type\":\"ListItem\",\"position\":1,\"name\":\"Inicio\",\"item\":\"https:\\\/\\\/perniladomicilio.com\\\/pernil2\\\/\"},{\"@type\":\"ListItem\",\"position\":2,\"name\":\"inicio\"}]},{\"@type\":\"WebSite\",\"@id\":\"https:\\\/\\\/perniladomicilio.com\\\/pernil2\\\/#website\",\"url\":\"https:\\\/\\\/perniladomicilio.com\\\/pernil2\\\/\",\"name\":\"Pernil a Domicilio - Picadas y Perniles para eventos en Bs. As.\",\"description\":\"\",\"publisher\":{\"@id\":\"https:\\\/\\\/perniladomicilio.com\\\/pernil2\\\/#organization\"},\"potentialAction\":[{\"@type\":\"SearchAction\",\"target\":{\"@type\":\"EntryPoint\",\"urlTemplate\":\"https:\\\/\\\/perniladomicilio.com\\\/pernil2\\\/?s={search_term_string}\"},\"query-input\":{\"@type\":\"PropertyValueSpecification\",\"valueRequired\":true,\"valueName\":\"search_term_string\"}}],\"inLanguage\":\"es-AR\"},{\"@type\":\"Organization\",\"@id\":\"https:\\\/\\\/perniladomicilio.com\\\/pernil2\\\/#organization\",\"name\":\"Pernil a Domicilio - Picadas y Perniles para eventos en Bs. As.\",\"url\":\"https:\\\/\\\/perniladomicilio.com\\\/pernil2\\\/\",\"logo\":{\"@type\":\"ImageObject\",\"inLanguage\":\"es-AR\",\"@id\":\"https:\\\/\\\/perniladomicilio.com\\\/pernil2\\\/#\\\/schema\\\/logo\\\/image\\\/\",\"url\":\"https:\\\/\\\/perniladomicilio.com\\\/pernil2\\\/wp-content\\\/uploads\\\/2024\\\/11\\\/cropped-LOGO-PERNILES-.png\",\"contentUrl\":\"https:\\\/\\\/perniladomicilio.com\\\/pernil2\\\/wp-content\\\/uploads\\\/2024\\\/11\\\/cropped-LOGO-PERNILES-.png\",\"width\":586,\"height\":195,\"caption\":\"Pernil a Domicilio - Picadas y Perniles para eventos en Bs. As.\"},\"image\":{\"@id\":\"https:\\\/\\\/perniladomicilio.com\\\/pernil2\\\/#\\\/schema\\\/logo\\\/image\\\/\"}}]}<\/script>\n<!-- \/ Yoast SEO plugin. -->","yoast_head_json":{"title":"Pernil a Domicilio - Picadas y Perniles para eventos en Bs. As.","description":"\"\ud83e\udd24 Perniles a domicilio en Buenos Aires: cerdo y ternera listos para servir, con panes y salsas artesanales. 16 a\u00f1os de calidad para eventos. \u00a1Ped\u00ed el tuyo hoy!\"","robots":{"index":"index","follow":"follow","max-snippet":"max-snippet:-1","max-image-preview":"max-image-preview:large","max-video-preview":"max-video-preview:-1"},"canonical":"https:\/\/perniladomicilio.com\/pernil2\/","og_locale":"es_ES","og_type":"article","og_title":"Pernil a Domicilio - Picadas y Perniles para eventos en Bs. As.","og_description":"\"\ud83e\udd24 Perniles a domicilio en Buenos Aires: cerdo y ternera listos para servir, con panes y salsas artesanales. 16 a\u00f1os de calidad para eventos. \u00a1Ped\u00ed el tuyo hoy!\"","og_url":"https:\/\/perniladomicilio.com\/pernil2\/","og_site_name":"Pernil a Domicilio - Picadas y Perniles para eventos en Bs. As.","article_modified_time":"2025-04-04T19:15:32+00:00","og_image":[{"url":"https:\/\/perniladomicilio.com\/pernil2\/wp-content\/uploads\/2024\/12\/POR-QUE-ELEGIRNOPS-1024x295.png","type":"","width":"","height":""}],"twitter_card":"summary_large_image","twitter_misc":{"Tiempo de lectura":"2 minutos"},"schema":{"@context":"https:\/\/schema.org","@graph":[{"@type":"WebPage","@id":"https:\/\/perniladomicilio.com\/pernil2\/","url":"https:\/\/perniladomicilio.com\/pernil2\/","name":"Pernil a Domicilio - Picadas y Perniles para eventos en Bs. As.","isPartOf":{"@id":"https:\/\/perniladomicilio.com\/pernil2\/#website"},"primaryImageOfPage":{"@id":"https:\/\/perniladomicilio.com\/pernil2\/#primaryimage"},"image":{"@id":"https:\/\/perniladomicilio.com\/pernil2\/#primaryimage"},"thumbnailUrl":"https:\/\/perniladomicilio.com\/pernil2\/wp-content\/uploads\/2024\/12\/POR-QUE-ELEGIRNOPS-1024x295.png","datePublished":"2024-09-12T17:32:27+00:00","dateModified":"2025-04-04T19:15:32+00:00","description":"\"\ud83e\udd24 Perniles a domicilio en Buenos Aires: cerdo y ternera listos para servir, con panes y salsas artesanales. 16 a\u00f1os de calidad para eventos. \u00a1Ped\u00ed el tuyo hoy!\"","breadcrumb":{"@id":"https:\/\/perniladomicilio.com\/pernil2\/#breadcrumb"},"inLanguage":"es-AR","potentialAction":[{"@type":"ReadAction","target":["https:\/\/perniladomicilio.com\/pernil2\/"]}]},{"@type":"ImageObject","inLanguage":"es-AR","@id":"https:\/\/perniladomicilio.com\/pernil2\/#primaryimage","url":"https:\/\/perniladomicilio.com\/pernil2\/wp-content\/uploads\/2024\/12\/POR-QUE-ELEGIRNOPS.png","contentUrl":"https:\/\/perniladomicilio.com\/pernil2\/wp-content\/uploads\/2024\/12\/POR-QUE-ELEGIRNOPS.png","width":2232,"height":642},{"@type":"BreadcrumbList","@id":"https:\/\/perniladomicilio.com\/pernil2\/#breadcrumb","itemListElement":[{"@type":"ListItem","position":1,"name":"Inicio","item":"https:\/\/perniladomicilio.com\/pernil2\/"},{"@type":"ListItem","position":2,"name":"inicio"}]},{"@type":"WebSite","@id":"https:\/\/perniladomicilio.com\/pernil2\/#website","url":"https:\/\/perniladomicilio.com\/pernil2\/","name":"Pernil a Domicilio - Picadas y Perniles para eventos en Bs. As.","description":"","publisher":{"@id":"https:\/\/perniladomicilio.com\/pernil2\/#organization"},"potentialAction":[{"@type":"SearchAction","target":{"@type":"EntryPoint","urlTemplate":"https:\/\/perniladomicilio.com\/pernil2\/?s={search_term_string}"},"query-input":{"@type":"PropertyValueSpecification","valueRequired":true,"valueName":"search_term_string"}}],"inLanguage":"es-AR"},{"@type":"Organization","@id":"https:\/\/perniladomicilio.com\/pernil2\/#organization","name":"Pernil a Domicilio - Picadas y Perniles para eventos en Bs. As.","url":"https:\/\/perniladomicilio.com\/pernil2\/","logo":{"@type":"ImageObject","inLanguage":"es-AR","@id":"https:\/\/perniladomicilio.com\/pernil2\/#\/schema\/logo\/image\/","url":"https:\/\/perniladomicilio.com\/pernil2\/wp-content\/uploads\/2024\/11\/cropped-LOGO-PERNILES-.png","contentUrl":"https:\/\/perniladomicilio.com\/pernil2\/wp-content\/uploads\/2024\/11\/cropped-LOGO-PERNILES-.png","width":586,"height":195,"caption":"Pernil a Domicilio - Picadas y Perniles para eventos en Bs. As."},"image":{"@id":"https:\/\/perniladomicilio.com\/pernil2\/#\/schema\/logo\/image\/"}}]}},"uagb_featured_image_src":{"full":false,"thumbnail":false,"medium":false,"medium_large":false,"large":false,"1536x1536":false,"2048x2048":false,"woocommerce_thumbnail":false,"woocommerce_single":false,"woocommerce_gallery_thumbnail":false},"uagb_author_info":{"display_name":"dbmjr","author_link":"https:\/\/perniladomicilio.com\/pernil2\/author\/dbmjr\/"},"uagb_comment_info":0,"uagb_excerpt":"pernil a domicilio en bs as \u00bf por que elegirnos ? nuestros productos DURANTE M\u00c1S DE 16 A\u00d1OS, HEMOS TENIDO [&hellip;]","_links":{"self":[{"href":"https:\/\/perniladomicilio.com\/pernil2\/wp-json\/wp\/v2\/pages\/9","targetHints":{"allow":["GET"]}}],"collection":[{"href":"https:\/\/perniladomicilio.com\/pernil2\/wp-json\/wp\/v2\/pages"}],"about":[{"href":"https:\/\/perniladomicilio.com\/pernil2\/wp-json\/wp\/v2\/types\/page"}],"author":[{"embeddable":true,"href":"https:\/\/perniladomicilio.com\/pernil2\/wp-json\/wp\/v2\/users\/1"}],"replies":[{"embeddable":true,"href":"https:\/\/perniladomicilio.com\/pernil2\/wp-json\/wp\/v2\/comments?post=9"}],"version-history":[{"count":219,"href":"https:\/\/perniladomicilio.com\/pernil2\/wp-json\/wp\/v2\/pages\/9\/revisions"}],"predecessor-version":[{"id":4387,"href":"https:\/\/perniladomicilio.com\/pernil2\/wp-json\/wp\/v2\/pages\/9\/revisions\/4387"}],"wp:attachment":[{"href":"https:\/\/perniladomicilio.com\/pernil2\/wp-json\/wp\/v2\/media?parent=9"}],"curies":[{"name":"wp","href":"https:\/\/api.w.org\/{rel}","templated":true}]}}