{"id":3289,"date":"2024-09-15T17:07:55","date_gmt":"2024-09-15T20:07:55","guid":{"rendered":"https:\/\/perniladomicilio.com\/pernil2\/?post_type=product&#038;p=3289"},"modified":"2025-10-24T03:33:01","modified_gmt":"2025-10-24T06:33:01","slug":"pernil-picada-para-10-personas","status":"publish","type":"product","link":"https:\/\/perniladomicilio.com\/pernil2\/producto\/pernil-picada-para-10-personas\/","title":{"rendered":"Pernil + picada para 10 personas"},"content":{"rendered":"<p>Picada completa para 10 personas<\/p>\n<p>Pernil de cerdo para 10 personas, horneado, acompando con 3 salsas y 40 panes recien horneados<\/p>\n<p>&nbsp;<\/p>\n","protected":false},"excerpt":{"rendered":"<p>Picada completa para 10 personas, mas de 25 ingredientes con pan de campo y grisines<\/p>\n<p><span style=\"vertical-align: inherit\">Pernil de cerdo para 10 personas, horneado, acompando con 3 salsas y 40 panes recien horneados<\/span><\/p>\n<p>El pernil se entrega caliente, envasado al vacio<\/p>\n<p>Para acceder a esta promoci\u00f3n seleccione los productos y agr\u00e9guelos al carrito y una vez agregado vaya al carrito y pegue el siguiente c\u00f3digo de descuento:<\/p>\n<h1 style=\"text-align: center\"><strong>PROMO1<\/strong><\/h1>\n<p>Valor de la promoci\u00f3n: $176.700<\/p>\n<p>10% OFF ABONANDO EN EFECTIVO<\/p>\n","protected":false},"featured_media":3154,"template":"","meta":{"_uag_custom_page_level_css":"","site-sidebar-layout":"default","site-content-layout":"","ast-site-content-layout":"default","site-content-style":"default","site-sidebar-style":"default","ast-global-header-display":"","ast-banner-title-visibility":"","ast-main-header-display":"","ast-hfb-above-header-display":"","ast-hfb-below-header-display":"","ast-hfb-mobile-header-display":"","site-post-title":"","ast-breadcrumbs-content":"","ast-featured-img":"","footer-sml-layout":"","ast-disable-related-posts":"","theme-transparent-header-meta":"default","adv-header-id-meta":"","stick-header-meta":"","header-above-stick-meta":"","header-main-stick-meta":"","header-below-stick-meta":"","astra-migrate-meta-layouts":"set","ast-page-background-enabled":"default","ast-page-background-meta":{"desktop":{"background-color":"var(--ast-global-color-4)","background-image":"","background-repeat":"repeat","background-position":"center center","background-size":"auto","background-attachment":"scroll","background-type":"","background-media":"","overlay-type":"","overlay-color":"","overlay-opacity":"","overlay-gradient":""},"tablet":{"background-color":"","background-image":"","background-repeat":"repeat","background-position":"center center","background-size":"auto","background-attachment":"scroll","background-type":"","background-media":"","overlay-type":"","overlay-color":"","overlay-opacity":"","overlay-gradient":""},"mobile":{"background-color":"","background-image":"","background-repeat":"repeat","background-position":"center center","background-size":"auto","background-attachment":"scroll","background-type":"","background-media":"","overlay-type":"","overlay-color":"","overlay-opacity":"","overlay-gradient":""}},"ast-content-background-meta":{"desktop":{"background-color":"var(--ast-global-color-5)","background-image":"","background-repeat":"repeat","background-position":"center center","background-size":"auto","background-attachment":"scroll","background-type":"","background-media":"","overlay-type":"","overlay-color":"","overlay-opacity":"","overlay-gradient":""},"tablet":{"background-color":"var(--ast-global-color-5)","background-image":"","background-repeat":"repeat","background-position":"center center","background-size":"auto","background-attachment":"scroll","background-type":"","background-media":"","overlay-type":"","overlay-color":"","overlay-opacity":"","overlay-gradient":""},"mobile":{"background-color":"var(--ast-global-color-5)","background-image":"","background-repeat":"repeat","background-position":"center center","background-size":"auto","background-attachment":"scroll","background-type":"","background-media":"","overlay-type":"","overlay-color":"","overlay-opacity":"","overlay-gradient":""}}},"product_brand":[],"product_cat":[32],"product_tag":[],"class_list":{"0":"post-3289","1":"product","2":"type-product","3":"status-publish","4":"has-post-thumbnail","6":"product_cat-promociones","7":"desktop-align-left","8":"tablet-align-left","9":"mobile-align-left","11":"first","12":"instock","13":"shipping-taxable","14":"product-type-simple"},"yoast_head":"<!-- This site is optimized with the Yoast SEO plugin v27.5 - https:\/\/yoast.com\/product\/yoast-seo-wordpress\/ -->\n<title>Pernil + picada para 10 personas - Pernil a Domicilio - Picadas y Perniles para eventos en Bs. As.<\/title>\n<meta name=\"robots\" content=\"index, follow, max-snippet:-1, max-image-preview:large, max-video-preview:-1\" \/>\n<link rel=\"canonical\" href=\"https:\/\/perniladomicilio.com\/pernil2\/producto\/pernil-picada-para-10-personas\/\" \/>\n<meta property=\"og:locale\" content=\"es_ES\" \/>\n<meta property=\"og:type\" content=\"article\" \/>\n<meta property=\"og:title\" content=\"Pernil + picada para 10 personas - Pernil a Domicilio - Picadas y Perniles para eventos en Bs. As.\" \/>\n<meta property=\"og:description\" content=\"Picada completa para 10 personas, mas de 25 ingredientes con pan de campo y grisines  Pernil de cerdo para 10 personas, horneado, acompando con 3 salsas y 40 panes recien horneados  El pernil se entrega caliente, envasado al vacio  Para acceder a esta promoci\u00f3n seleccione los productos y agr\u00e9guelos al carrito y una vez agregado vaya al carrito y pegue el siguiente c\u00f3digo de descuento: PROMO1 Valor de la promoci\u00f3n: $176.700  10% OFF ABONANDO EN EFECTIVO\" \/>\n<meta property=\"og:url\" content=\"https:\/\/perniladomicilio.com\/pernil2\/producto\/pernil-picada-para-10-personas\/\" \/>\n<meta property=\"og:site_name\" content=\"Pernil a Domicilio - Picadas y Perniles para eventos en Bs. As.\" \/>\n<meta property=\"article:modified_time\" content=\"2025-10-24T06:33:01+00:00\" \/>\n<meta property=\"og:image\" content=\"https:\/\/perniladomicilio.com\/pernil2\/wp-content\/uploads\/2024\/09\/pernil-6470-scaled-1.jpg\" \/>\n\t<meta property=\"og:image:width\" content=\"2560\" \/>\n\t<meta property=\"og:image:height\" content=\"1707\" \/>\n\t<meta property=\"og:image:type\" content=\"image\/jpeg\" \/>\n<meta name=\"twitter:card\" content=\"summary_large_image\" \/>\n<meta name=\"twitter:label1\" content=\"Tiempo de lectura\" \/>\n\t<meta name=\"twitter:data1\" content=\"1 minuto\" \/>\n<script type=\"application\/ld+json\" class=\"yoast-schema-graph\">{\"@context\":\"https:\\\/\\\/schema.org\",\"@graph\":[{\"@type\":\"WebPage\",\"@id\":\"https:\\\/\\\/perniladomicilio.com\\\/pernil2\\\/producto\\\/pernil-picada-para-10-personas\\\/\",\"url\":\"https:\\\/\\\/perniladomicilio.com\\\/pernil2\\\/producto\\\/pernil-picada-para-10-personas\\\/\",\"name\":\"Pernil + picada para 10 personas - Pernil a Domicilio - Picadas y Perniles para eventos en Bs. As.\",\"isPartOf\":{\"@id\":\"https:\\\/\\\/perniladomicilio.com\\\/pernil2\\\/#website\"},\"primaryImageOfPage\":{\"@id\":\"https:\\\/\\\/perniladomicilio.com\\\/pernil2\\\/producto\\\/pernil-picada-para-10-personas\\\/#primaryimage\"},\"image\":{\"@id\":\"https:\\\/\\\/perniladomicilio.com\\\/pernil2\\\/producto\\\/pernil-picada-para-10-personas\\\/#primaryimage\"},\"thumbnailUrl\":\"https:\\\/\\\/perniladomicilio.com\\\/pernil2\\\/wp-content\\\/uploads\\\/2024\\\/09\\\/pernil-6470-scaled-1.jpg\",\"datePublished\":\"2024-09-15T20:07:55+00:00\",\"dateModified\":\"2025-10-24T06:33:01+00:00\",\"breadcrumb\":{\"@id\":\"https:\\\/\\\/perniladomicilio.com\\\/pernil2\\\/producto\\\/pernil-picada-para-10-personas\\\/#breadcrumb\"},\"inLanguage\":\"es-AR\",\"potentialAction\":[{\"@type\":\"ReadAction\",\"target\":[\"https:\\\/\\\/perniladomicilio.com\\\/pernil2\\\/producto\\\/pernil-picada-para-10-personas\\\/\"]}]},{\"@type\":\"ImageObject\",\"inLanguage\":\"es-AR\",\"@id\":\"https:\\\/\\\/perniladomicilio.com\\\/pernil2\\\/producto\\\/pernil-picada-para-10-personas\\\/#primaryimage\",\"url\":\"https:\\\/\\\/perniladomicilio.com\\\/pernil2\\\/wp-content\\\/uploads\\\/2024\\\/09\\\/pernil-6470-scaled-1.jpg\",\"contentUrl\":\"https:\\\/\\\/perniladomicilio.com\\\/pernil2\\\/wp-content\\\/uploads\\\/2024\\\/09\\\/pernil-6470-scaled-1.jpg\",\"width\":2560,\"height\":1707},{\"@type\":\"BreadcrumbList\",\"@id\":\"https:\\\/\\\/perniladomicilio.com\\\/pernil2\\\/producto\\\/pernil-picada-para-10-personas\\\/#breadcrumb\",\"itemListElement\":[{\"@type\":\"ListItem\",\"position\":1,\"name\":\"Inicio\",\"item\":\"https:\\\/\\\/perniladomicilio.com\\\/pernil2\\\/\"},{\"@type\":\"ListItem\",\"position\":2,\"name\":\"Tienda\",\"item\":\"https:\\\/\\\/perniladomicilio.com\\\/pernil2\\\/tienda\\\/\"},{\"@type\":\"ListItem\",\"position\":3,\"name\":\"Pernil + picada para 10 personas\"}]},{\"@type\":\"WebSite\",\"@id\":\"https:\\\/\\\/perniladomicilio.com\\\/pernil2\\\/#website\",\"url\":\"https:\\\/\\\/perniladomicilio.com\\\/pernil2\\\/\",\"name\":\"Pernil a Domicilio - Picadas y Perniles para eventos en Bs. As.\",\"description\":\"\",\"publisher\":{\"@id\":\"https:\\\/\\\/perniladomicilio.com\\\/pernil2\\\/#organization\"},\"potentialAction\":[{\"@type\":\"SearchAction\",\"target\":{\"@type\":\"EntryPoint\",\"urlTemplate\":\"https:\\\/\\\/perniladomicilio.com\\\/pernil2\\\/?s={search_term_string}\"},\"query-input\":{\"@type\":\"PropertyValueSpecification\",\"valueRequired\":true,\"valueName\":\"search_term_string\"}}],\"inLanguage\":\"es-AR\"},{\"@type\":\"Organization\",\"@id\":\"https:\\\/\\\/perniladomicilio.com\\\/pernil2\\\/#organization\",\"name\":\"Pernil a Domicilio - Picadas y Perniles para eventos en Bs. As.\",\"url\":\"https:\\\/\\\/perniladomicilio.com\\\/pernil2\\\/\",\"logo\":{\"@type\":\"ImageObject\",\"inLanguage\":\"es-AR\",\"@id\":\"https:\\\/\\\/perniladomicilio.com\\\/pernil2\\\/#\\\/schema\\\/logo\\\/image\\\/\",\"url\":\"https:\\\/\\\/perniladomicilio.com\\\/pernil2\\\/wp-content\\\/uploads\\\/2024\\\/11\\\/cropped-LOGO-PERNILES-.png\",\"contentUrl\":\"https:\\\/\\\/perniladomicilio.com\\\/pernil2\\\/wp-content\\\/uploads\\\/2024\\\/11\\\/cropped-LOGO-PERNILES-.png\",\"width\":586,\"height\":195,\"caption\":\"Pernil a Domicilio - Picadas y Perniles para eventos en Bs. As.\"},\"image\":{\"@id\":\"https:\\\/\\\/perniladomicilio.com\\\/pernil2\\\/#\\\/schema\\\/logo\\\/image\\\/\"}}]}<\/script>\n<!-- \/ Yoast SEO plugin. -->","yoast_head_json":{"title":"Pernil + picada para 10 personas - Pernil a Domicilio - Picadas y Perniles para eventos en Bs. As.","robots":{"index":"index","follow":"follow","max-snippet":"max-snippet:-1","max-image-preview":"max-image-preview:large","max-video-preview":"max-video-preview:-1"},"canonical":"https:\/\/perniladomicilio.com\/pernil2\/producto\/pernil-picada-para-10-personas\/","og_locale":"es_ES","og_type":"article","og_title":"Pernil + picada para 10 personas - Pernil a Domicilio - Picadas y Perniles para eventos en Bs. As.","og_description":"Picada completa para 10 personas, mas de 25 ingredientes con pan de campo y grisines  Pernil de cerdo para 10 personas, horneado, acompando con 3 salsas y 40 panes recien horneados  El pernil se entrega caliente, envasado al vacio  Para acceder a esta promoci\u00f3n seleccione los productos y agr\u00e9guelos al carrito y una vez agregado vaya al carrito y pegue el siguiente c\u00f3digo de descuento: PROMO1 Valor de la promoci\u00f3n: $176.700  10% OFF ABONANDO EN EFECTIVO","og_url":"https:\/\/perniladomicilio.com\/pernil2\/producto\/pernil-picada-para-10-personas\/","og_site_name":"Pernil a Domicilio - Picadas y Perniles para eventos en Bs. As.","article_modified_time":"2025-10-24T06:33:01+00:00","og_image":[{"width":2560,"height":1707,"url":"https:\/\/perniladomicilio.com\/pernil2\/wp-content\/uploads\/2024\/09\/pernil-6470-scaled-1.jpg","type":"image\/jpeg"}],"twitter_card":"summary_large_image","twitter_misc":{"Tiempo de lectura":"1 minuto"},"schema":{"@context":"https:\/\/schema.org","@graph":[{"@type":"WebPage","@id":"https:\/\/perniladomicilio.com\/pernil2\/producto\/pernil-picada-para-10-personas\/","url":"https:\/\/perniladomicilio.com\/pernil2\/producto\/pernil-picada-para-10-personas\/","name":"Pernil + picada para 10 personas - Pernil a Domicilio - Picadas y Perniles para eventos en Bs. As.","isPartOf":{"@id":"https:\/\/perniladomicilio.com\/pernil2\/#website"},"primaryImageOfPage":{"@id":"https:\/\/perniladomicilio.com\/pernil2\/producto\/pernil-picada-para-10-personas\/#primaryimage"},"image":{"@id":"https:\/\/perniladomicilio.com\/pernil2\/producto\/pernil-picada-para-10-personas\/#primaryimage"},"thumbnailUrl":"https:\/\/perniladomicilio.com\/pernil2\/wp-content\/uploads\/2024\/09\/pernil-6470-scaled-1.jpg","datePublished":"2024-09-15T20:07:55+00:00","dateModified":"2025-10-24T06:33:01+00:00","breadcrumb":{"@id":"https:\/\/perniladomicilio.com\/pernil2\/producto\/pernil-picada-para-10-personas\/#breadcrumb"},"inLanguage":"es-AR","potentialAction":[{"@type":"ReadAction","target":["https:\/\/perniladomicilio.com\/pernil2\/producto\/pernil-picada-para-10-personas\/"]}]},{"@type":"ImageObject","inLanguage":"es-AR","@id":"https:\/\/perniladomicilio.com\/pernil2\/producto\/pernil-picada-para-10-personas\/#primaryimage","url":"https:\/\/perniladomicilio.com\/pernil2\/wp-content\/uploads\/2024\/09\/pernil-6470-scaled-1.jpg","contentUrl":"https:\/\/perniladomicilio.com\/pernil2\/wp-content\/uploads\/2024\/09\/pernil-6470-scaled-1.jpg","width":2560,"height":1707},{"@type":"BreadcrumbList","@id":"https:\/\/perniladomicilio.com\/pernil2\/producto\/pernil-picada-para-10-personas\/#breadcrumb","itemListElement":[{"@type":"ListItem","position":1,"name":"Inicio","item":"https:\/\/perniladomicilio.com\/pernil2\/"},{"@type":"ListItem","position":2,"name":"Tienda","item":"https:\/\/perniladomicilio.com\/pernil2\/tienda\/"},{"@type":"ListItem","position":3,"name":"Pernil + picada para 10 personas"}]},{"@type":"WebSite","@id":"https:\/\/perniladomicilio.com\/pernil2\/#website","url":"https:\/\/perniladomicilio.com\/pernil2\/","name":"Pernil a Domicilio - Picadas y Perniles para eventos en Bs. As.","description":"","publisher":{"@id":"https:\/\/perniladomicilio.com\/pernil2\/#organization"},"potentialAction":[{"@type":"SearchAction","target":{"@type":"EntryPoint","urlTemplate":"https:\/\/perniladomicilio.com\/pernil2\/?s={search_term_string}"},"query-input":{"@type":"PropertyValueSpecification","valueRequired":true,"valueName":"search_term_string"}}],"inLanguage":"es-AR"},{"@type":"Organization","@id":"https:\/\/perniladomicilio.com\/pernil2\/#organization","name":"Pernil a Domicilio - Picadas y Perniles para eventos en Bs. As.","url":"https:\/\/perniladomicilio.com\/pernil2\/","logo":{"@type":"ImageObject","inLanguage":"es-AR","@id":"https:\/\/perniladomicilio.com\/pernil2\/#\/schema\/logo\/image\/","url":"https:\/\/perniladomicilio.com\/pernil2\/wp-content\/uploads\/2024\/11\/cropped-LOGO-PERNILES-.png","contentUrl":"https:\/\/perniladomicilio.com\/pernil2\/wp-content\/uploads\/2024\/11\/cropped-LOGO-PERNILES-.png","width":586,"height":195,"caption":"Pernil a Domicilio - Picadas y Perniles para eventos en Bs. As."},"image":{"@id":"https:\/\/perniladomicilio.com\/pernil2\/#\/schema\/logo\/image\/"}}]}},"uagb_featured_image_src":{"full":["https:\/\/perniladomicilio.com\/pernil2\/wp-content\/uploads\/2024\/09\/pernil-6470-scaled-1.jpg",2560,1707,false],"thumbnail":["https:\/\/perniladomicilio.com\/pernil2\/wp-content\/uploads\/2024\/09\/pernil-6470-scaled-1-150x150.jpg",150,150,true],"medium":["https:\/\/perniladomicilio.com\/pernil2\/wp-content\/uploads\/2024\/09\/pernil-6470-scaled-1-300x200.jpg",300,200,true],"medium_large":["https:\/\/perniladomicilio.com\/pernil2\/wp-content\/uploads\/2024\/09\/pernil-6470-scaled-1-768x512.jpg",768,512,true],"large":["https:\/\/perniladomicilio.com\/pernil2\/wp-content\/uploads\/2024\/09\/pernil-6470-scaled-1-1024x683.jpg",1024,683,true],"1536x1536":["https:\/\/perniladomicilio.com\/pernil2\/wp-content\/uploads\/2024\/09\/pernil-6470-scaled-1-1536x1024.jpg",1536,1024,true],"2048x2048":["https:\/\/perniladomicilio.com\/pernil2\/wp-content\/uploads\/2024\/09\/pernil-6470-scaled-1-2048x1366.jpg",2048,1366,true],"woocommerce_thumbnail":["https:\/\/perniladomicilio.com\/pernil2\/wp-content\/uploads\/2024\/09\/pernil-6470-scaled-1-300x300.jpg",300,300,true],"woocommerce_single":["https:\/\/perniladomicilio.com\/pernil2\/wp-content\/uploads\/2024\/09\/pernil-6470-scaled-1-600x400.jpg",600,400,true],"woocommerce_gallery_thumbnail":["https:\/\/perniladomicilio.com\/pernil2\/wp-content\/uploads\/2024\/09\/pernil-6470-scaled-1-100x100.jpg",100,100,true]},"uagb_author_info":{"display_name":"dbmjr","author_link":"https:\/\/perniladomicilio.com\/pernil2\/author\/"},"uagb_comment_info":0,"uagb_excerpt":"Picada completa para 10 personas, mas de 25 ingredientes con pan de campo y grisines Pernil de cerdo para 10 personas, horneado, acompando con 3 salsas y 40 panes recien horneados El pernil se entrega caliente, envasado al vacio Para acceder a esta promoci\u00f3n seleccione los productos y agr\u00e9guelos al carrito y una vez agregado&hellip;","_links":{"self":[{"href":"https:\/\/perniladomicilio.com\/pernil2\/wp-json\/wp\/v2\/product\/3289","targetHints":{"allow":["GET"]}}],"collection":[{"href":"https:\/\/perniladomicilio.com\/pernil2\/wp-json\/wp\/v2\/product"}],"about":[{"href":"https:\/\/perniladomicilio.com\/pernil2\/wp-json\/wp\/v2\/types\/product"}],"wp:featuredmedia":[{"embeddable":true,"href":"https:\/\/perniladomicilio.com\/pernil2\/wp-json\/wp\/v2\/media\/3154"}],"wp:attachment":[{"href":"https:\/\/perniladomicilio.com\/pernil2\/wp-json\/wp\/v2\/media?parent=3289"}],"wp:term":[{"taxonomy":"product_brand","embeddable":true,"href":"https:\/\/perniladomicilio.com\/pernil2\/wp-json\/wp\/v2\/product_brand?post=3289"},{"taxonomy":"product_cat","embeddable":true,"href":"https:\/\/perniladomicilio.com\/pernil2\/wp-json\/wp\/v2\/product_cat?post=3289"},{"taxonomy":"product_tag","embeddable":true,"href":"https:\/\/perniladomicilio.com\/pernil2\/wp-json\/wp\/v2\/product_tag?post=3289"}],"curies":[{"name":"wp","href":"https:\/\/api.w.org\/{rel}","templated":true}]}}